{"id":393,"date":"2025-05-15T16:03:44","date_gmt":"2025-05-15T19:03:44","guid":{"rendered":"https:\/\/eurolubs.com.br\/?page_id=393"},"modified":"2026-01-27T15:19:29","modified_gmt":"2026-01-27T18:19:29","slug":"trabalhe-conosco","status":"publish","type":"page","link":"https:\/\/eurolubs.com.br\/?page_id=393","title":{"rendered":"Trabalhe Conosco"},"content":{"rendered":"\t\t<div data-elementor-type=\"wp-page\" data-elementor-id=\"393\" class=\"elementor elementor-393\" data-elementor-post-type=\"page\">\n\t\t\t\t<div class=\"elementor-element elementor-element-d29de60 e-flex e-con-boxed e-con e-parent\" data-id=\"d29de60\" data-element_type=\"container\">\n\t\t\t\t\t<div class=\"e-con-inner\">\n\t\t<div class=\"elementor-element elementor-element-0f5c5fd e-con-full e-flex e-con e-child\" data-id=\"0f5c5fd\" data-element_type=\"container\">\n\t\t<div class=\"elementor-element elementor-element-9ea3b28 e-con-full e-flex e-con e-child\" data-id=\"9ea3b28\" data-element_type=\"container\">\n\t\t\t\t<div class=\"elementor-element elementor-element-6f9237f elementor-widget elementor-widget-button\" data-id=\"6f9237f\" data-element_type=\"widget\" data-widget_type=\"button.default\">\n\t\t\t\t<div class=\"elementor-widget-container\">\n\t\t\t\t\t\t\t\t\t<div class=\"elementor-button-wrapper\">\n\t\t\t\t\t<a class=\"elementor-button elementor-size-sm\" role=\"button\">\n\t\t\t\t\t\t<span class=\"elementor-button-content-wrapper\">\n\t\t\t\t\t\t\t\t\t<span class=\"elementor-button-text\">Enviar curr\u00edculo<\/span>\n\t\t\t\t\t<\/span>\n\t\t\t\t\t<\/a>\n\t\t\t\t<\/div>\n\t\t\t\t\t\t\t\t<\/div>\n\t\t\t\t<\/div>\n\t\t\t\t<div class=\"elementor-element elementor-element-b58bb28 elementor-widget elementor-widget-heading\" data-id=\"b58bb28\" data-element_type=\"widget\" data-widget_type=\"heading.default\">\n\t\t\t\t<div class=\"elementor-widget-container\">\n\t\t\t\t\t<h2 class=\"elementor-heading-title elementor-size-default\">Trabalhe conosco<\/h2>\t\t\t\t<\/div>\n\t\t\t\t<\/div>\n\t\t\t\t<div class=\"elementor-element elementor-element-dc69560 elementor-widget elementor-widget-text-editor\" data-id=\"dc69560\" data-element_type=\"widget\" data-widget_type=\"text-editor.default\">\n\t\t\t\t<div class=\"elementor-widget-container\">\n\t\t\t\t\t\t\t\t\t<p>Junte-se \u00e0 nossa equipe e fa\u00e7a parte de uma empresa que valoriza o talento, a inova\u00e7\u00e3o e o comprometimento. Estamos sempre em busca de profissionais qualificados para contribuir com o nosso crescimento.<\/p>\t\t\t\t\t\t\t\t<\/div>\n\t\t\t\t<\/div>\n\t\t\t\t<\/div>\n\t\t\t\t<\/div>\n\t\t<div class=\"elementor-element elementor-element-d26c213 e-con-full e-flex e-con e-child\" data-id=\"d26c213\" data-element_type=\"container\">\n\t\t<div class=\"elementor-element elementor-element-9f17466 e-con-full e-flex e-con e-child\" data-id=\"9f17466\" data-element_type=\"container\" data-settings=\"{&quot;background_background&quot;:&quot;classic&quot;}\">\n\t\t<div class=\"elementor-element elementor-element-d2508eb e-con-full e-flex e-con e-child\" data-id=\"d2508eb\" data-element_type=\"container\">\n\t\t\t\t<div class=\"elementor-element elementor-element-d6aec93 elementor-widget elementor-widget-heading\" data-id=\"d6aec93\" data-element_type=\"widget\" data-widget_type=\"heading.default\">\n\t\t\t\t<div class=\"elementor-widget-container\">\n\t\t\t\t\t<h2 class=\"elementor-heading-title elementor-size-default\">Envie seu curr\u00edculo<\/h2>\t\t\t\t<\/div>\n\t\t\t\t<\/div>\n\t\t\t\t<div class=\"elementor-element elementor-element-ea7633d elementor-widget elementor-widget-text-editor\" data-id=\"ea7633d\" data-element_type=\"widget\" data-widget_type=\"text-editor.default\">\n\t\t\t\t<div class=\"elementor-widget-container\">\n\t\t\t\t\t\t\t\t\t<p>Preencha o formul\u00e1rio ao lado, anexando seu curr\u00edculo e indicando o setor de interesse. Nosso time de recrutamento analisar\u00e1 seu perfil e entrar\u00e1 em contato caso haja uma oportunidade alinhada \u00e0s suas habilidades.<\/p>\t\t\t\t\t\t\t\t<\/div>\n\t\t\t\t<\/div>\n\t\t\t\t<\/div>\n\t\t\t\t<div class=\"elementor-element elementor-element-6dc59ca elementor-button-align-stretch elementor-widget elementor-widget-form\" data-id=\"6dc59ca\" data-element_type=\"widget\" data-settings=\"{&quot;step_next_label&quot;:&quot;Pr\\u00f3ximo&quot;,&quot;step_previous_label&quot;:&quot;Anterior&quot;,&quot;button_width&quot;:&quot;100&quot;,&quot;step_type&quot;:&quot;number_text&quot;,&quot;step_icon_shape&quot;:&quot;circle&quot;}\" data-widget_type=\"form.default\">\n\t\t\t\t<div class=\"elementor-widget-container\">\n\t\t\t\t\t\t\t<form class=\"elementor-form\" method=\"post\" name=\"Nova formul\u00e1rio\">\n\t\t\t<input type=\"hidden\" name=\"post_id\" value=\"393\"\/>\n\t\t\t<input type=\"hidden\" name=\"form_id\" value=\"6dc59ca\"\/>\n\t\t\t<input type=\"hidden\" name=\"referer_title\" value=\"Eurolubs Distribuidor\" \/>\n\n\t\t\t\n\t\t\t<div class=\"elementor-form-fields-wrapper elementor-labels-\">\n\t\t\t\t\t\t\t\t<div class=\"elementor-field-type-text elementor-field-group elementor-column elementor-field-group-name elementor-col-100\">\n\t\t\t\t\t\t\t\t\t\t\t\t<label for=\"form-field-name\" class=\"elementor-field-label elementor-screen-only\">\n\t\t\t\t\t\t\t\tNome\t\t\t\t\t\t\t<\/label>\n\t\t\t\t\t\t\t\t\t\t\t\t\t\t<input size=\"1\" type=\"text\" name=\"form_fields[name]\" id=\"form-field-name\" class=\"elementor-field elementor-size-md  elementor-field-textual\" placeholder=\"Nome\">\n\t\t\t\t\t\t\t\t\t\t\t<\/div>\n\t\t\t\t\t\t\t\t<div class=\"elementor-field-type-email elementor-field-group elementor-column elementor-field-group-email elementor-col-100 elementor-field-required\">\n\t\t\t\t\t\t\t\t\t\t\t\t<label for=\"form-field-email\" class=\"elementor-field-label elementor-screen-only\">\n\t\t\t\t\t\t\t\tE-mail\t\t\t\t\t\t\t<\/label>\n\t\t\t\t\t\t\t\t\t\t\t\t\t\t<input size=\"1\" type=\"email\" name=\"form_fields[email]\" id=\"form-field-email\" class=\"elementor-field elementor-size-md  elementor-field-textual\" placeholder=\"E-mail\" required=\"required\">\n\t\t\t\t\t\t\t\t\t\t\t<\/div>\n\t\t\t\t\t\t\t\t<div class=\"elementor-field-type-text elementor-field-group elementor-column elementor-field-group-field_1a2c9eb elementor-col-100\">\n\t\t\t\t\t\t\t\t\t\t\t\t<label for=\"form-field-field_1a2c9eb\" class=\"elementor-field-label elementor-screen-only\">\n\t\t\t\t\t\t\t\tTelefone\t\t\t\t\t\t\t<\/label>\n\t\t\t\t\t\t\t\t\t\t\t\t\t\t<input size=\"1\" type=\"text\" name=\"form_fields[field_1a2c9eb]\" id=\"form-field-field_1a2c9eb\" class=\"elementor-field elementor-size-md  elementor-field-textual\" placeholder=\"Telefone\">\n\t\t\t\t\t\t\t\t\t\t\t<\/div>\n\t\t\t\t\t\t\t\t<div class=\"elementor-field-type-select elementor-field-group elementor-column elementor-field-group-field_d28d7df elementor-col-100 elementor-field-required\">\n\t\t\t\t\t\t\t\t\t\t\t\t<label for=\"form-field-field_d28d7df\" class=\"elementor-field-label elementor-screen-only\">\n\t\t\t\t\t\t\t\tSelecionar setor\t\t\t\t\t\t\t<\/label>\n\t\t\t\t\t\t\t\t<div class=\"elementor-field elementor-select-wrapper remove-before \">\n\t\t\t<div class=\"select-caret-down-wrapper\">\n\t\t\t\t<i aria-hidden=\"true\" class=\"eicon-caret-down\"><\/i>\t\t\t<\/div>\n\t\t\t<select name=\"form_fields[field_d28d7df]\" id=\"form-field-field_d28d7df\" class=\"elementor-field-textual elementor-size-md\" required=\"required\">\n\t\t\t\t\t\t\t\t\t<option value=\"Selecionar setor\">Selecionar setor<\/option>\n\t\t\t\t\t\t\t\t\t<option value=\"ADMINISTRA\u00c7\u00c3O\">ADMINISTRA\u00c7\u00c3O<\/option>\n\t\t\t\t\t\t\t\t\t<option value=\"LOG\u00cdSTICA\">LOG\u00cdSTICA<\/option>\n\t\t\t\t\t\t\t\t\t<option value=\"COMERCIAL\">COMERCIAL<\/option>\n\t\t\t\t\t\t\t\t\t<option value=\"MARKETING\">MARKETING<\/option>\n\t\t\t\t\t\t\t\t\t<option value=\"TECNOLOGIA\">TECNOLOGIA<\/option>\n\t\t\t\t\t\t\t<\/select>\n\t\t<\/div>\n\t\t\t\t\t\t<\/div>\n\t\t\t\t\t\t\t\t<div class=\"elementor-field-type-upload elementor-field-group elementor-column elementor-field-group-field_fb53f74 elementor-col-100\">\n\t\t\t\t\t\t\t\t\t\t\t\t<label for=\"form-field-field_fb53f74\" class=\"elementor-field-label elementor-screen-only\">\n\t\t\t\t\t\t\t\tAnexar Curr\u00edculo\t\t\t\t\t\t\t<\/label>\n\t\t\t\t\t\t\t\t<input type=\"file\" name=\"form_fields[field_fb53f74]\" id=\"form-field-field_fb53f74\" class=\"elementor-field elementor-size-md  elementor-upload-field\" data-maxsize=\"768\" data-maxsize-message=\"Este arquivo excede o tamanho m\u00e1ximo permitido.\">\n\n\t\t\t\t\t\t<\/div>\n\t\t\t\t\t\t\t\t<div class=\"elementor-field-group elementor-column elementor-field-type-submit elementor-col-100 e-form__buttons\">\n\t\t\t\t\t<button class=\"elementor-button elementor-size-sm\" type=\"submit\">\n\t\t\t\t\t\t<span class=\"elementor-button-content-wrapper\">\n\t\t\t\t\t\t\t\t\t\t\t\t\t\t\t\t\t\t\t\t\t\t<span class=\"elementor-button-text\">Enviar<\/span>\n\t\t\t\t\t\t\t\t\t\t\t\t\t<\/span>\n\t\t\t\t\t<\/button>\n\t\t\t\t<\/div>\n\t\t\t<\/div>\n\t\t<\/form>\n\t\t\t\t\t\t<\/div>\n\t\t\t\t<\/div>\n\t\t\t\t<div class=\"elementor-element elementor-element-dffc09f elementor-widget elementor-widget-shortcode\" data-id=\"dffc09f\" data-element_type=\"widget\" data-widget_type=\"shortcode.default\">\n\t\t\t\t<div class=\"elementor-widget-container\">\n\t\t\t\t\t\t\t<div class=\"elementor-shortcode\">    <script>\n    document.addEventListener(\"DOMContentLoaded\", function () {\n        const input = document.getElementById(\"form-field-field_1a2c9eb\");\n        if (!input) return;\n        input.setAttribute(\"maxlength\", \"15\");\n        input.addEventListener(\"input\", function (e) {\n            let value = e.target.value.replace(\/\\D\/g, \"\"); \/\/ Remove tudo que n\u00e3o for n\u00famero\n            \/\/ Limita a 11 d\u00edgitos num\u00e9ricos\n            value = value.substring(0, 11);\n            \/\/ Aplica a m\u00e1scara (99) 99999-9999\n            if (value.length >= 7) {\n                value = value.replace(\/(\\d{2})(\\d{5})(\\d{4})\/, \"($1) $2-$3\");\n            } else if (value.length >= 3) {\n                value = value.replace(\/(\\d{2})(\\d{0,5})\/, \"($1) $2\");\n            } else {\n                value = value.replace(\/(\\d{0,2})\/, \"($1\");\n            }\n            e.target.value = value;\n        });\n    });\n    <\/script>\n    <\/div>\n\t\t\t\t\t\t<\/div>\n\t\t\t\t<\/div>\n\t\t\t\t<\/div>\n\t\t\t\t<\/div>\n\t\t\t\t\t<\/div>\n\t\t\t\t<\/div>\n\t\t\t\t<\/div>\n\t\t","protected":false},"excerpt":{"rendered":"<p>Enviar curr\u00edculo Trabalhe conosco Junte-se \u00e0 nossa equipe e fa\u00e7a parte de uma empresa que valoriza o talento, a inova\u00e7\u00e3o e o comprometimento. Estamos sempre em busca de profissionais qualificados para contribuir com o nosso crescimento. Envie seu curr\u00edculo Preencha o formul\u00e1rio ao lado, anexando seu curr\u00edculo e indicando o setor de interesse. Nosso time [&hellip;]<\/p>\n","protected":false},"author":11,"featured_media":0,"parent":0,"menu_order":0,"comment_status":"closed","ping_status":"closed","template":"","meta":{"_acf_changed":false,"_joinchat":[],"footnotes":""},"class_list":["post-393","page","type-page","status-publish","hentry"],"acf":[],"yoast_head":"<!-- This site is optimized with the Yoast SEO plugin v24.9 - https:\/\/yoast.com\/wordpress\/plugins\/seo\/ -->\n<title>Trabalhe Conosco - Eurolubs Distribuidor<\/title>\n<meta name=\"robots\" content=\"index, follow, max-snippet:-1, max-image-preview:large, max-video-preview:-1\" \/>\n<meta property=\"og:locale\" content=\"pt_BR\" \/>\n<meta property=\"og:type\" content=\"article\" \/>\n<meta property=\"og:title\" content=\"Trabalhe Conosco - Eurolubs Distribuidor\" \/>\n<meta property=\"og:description\" content=\"Enviar curr\u00edculo Trabalhe conosco Junte-se \u00e0 nossa equipe e fa\u00e7a parte de uma empresa que valoriza o talento, a inova\u00e7\u00e3o e o comprometimento. Estamos sempre em busca de profissionais qualificados para contribuir com o nosso crescimento. Envie seu curr\u00edculo Preencha o formul\u00e1rio ao lado, anexando seu curr\u00edculo e indicando o setor de interesse. Nosso time [&hellip;]\" \/>\n<meta property=\"og:url\" content=\"https:\/\/eurolubs.com.br\/?page_id=393\" \/>\n<meta property=\"og:site_name\" content=\"Eurolubs Distribuidor\" \/>\n<meta property=\"article:modified_time\" content=\"2026-01-27T18:19:29+00:00\" \/>\n<meta name=\"twitter:card\" content=\"summary_large_image\" \/>\n<meta name=\"twitter:label1\" content=\"Est. tempo de leitura\" \/>\n\t<meta name=\"twitter:data1\" content=\"1 minuto\" \/>\n<script type=\"application\/ld+json\" class=\"yoast-schema-graph\">{\"@context\":\"https:\/\/schema.org\",\"@graph\":[{\"@type\":\"WebPage\",\"@id\":\"https:\/\/eurolubs.com.br\/?page_id=393\",\"url\":\"https:\/\/eurolubs.com.br\/?page_id=393\",\"name\":\"Trabalhe Conosco - Eurolubs Distribuidor\",\"isPartOf\":{\"@id\":\"https:\/\/eurolubs.com.br\/#website\"},\"datePublished\":\"2025-05-15T19:03:44+00:00\",\"dateModified\":\"2026-01-27T18:19:29+00:00\",\"breadcrumb\":{\"@id\":\"https:\/\/eurolubs.com.br\/?page_id=393#breadcrumb\"},\"inLanguage\":\"pt-BR\",\"potentialAction\":[{\"@type\":\"ReadAction\",\"target\":[\"https:\/\/eurolubs.com.br\/?page_id=393\"]}]},{\"@type\":\"BreadcrumbList\",\"@id\":\"https:\/\/eurolubs.com.br\/?page_id=393#breadcrumb\",\"itemListElement\":[{\"@type\":\"ListItem\",\"position\":1,\"name\":\"In\u00edcio\",\"item\":\"https:\/\/eurolubs.com.br\/\"},{\"@type\":\"ListItem\",\"position\":2,\"name\":\"Trabalhe Conosco\"}]},{\"@type\":\"WebSite\",\"@id\":\"https:\/\/eurolubs.com.br\/#website\",\"url\":\"https:\/\/eurolubs.com.br\/\",\"name\":\"Eurolubs Distribuidor\",\"description\":\"\",\"publisher\":{\"@id\":\"https:\/\/eurolubs.com.br\/#organization\"},\"potentialAction\":[{\"@type\":\"SearchAction\",\"target\":{\"@type\":\"EntryPoint\",\"urlTemplate\":\"https:\/\/eurolubs.com.br\/?s={search_term_string}\"},\"query-input\":{\"@type\":\"PropertyValueSpecification\",\"valueRequired\":true,\"valueName\":\"search_term_string\"}}],\"inLanguage\":\"pt-BR\"},{\"@type\":\"Organization\",\"@id\":\"https:\/\/eurolubs.com.br\/#organization\",\"name\":\"Eurolubs Distribuidor\",\"url\":\"https:\/\/eurolubs.com.br\/\",\"logo\":{\"@type\":\"ImageObject\",\"inLanguage\":\"pt-BR\",\"@id\":\"https:\/\/eurolubs.com.br\/#\/schema\/logo\/image\/\",\"url\":\"https:\/\/eurolubs.com.br\/wp-content\/uploads\/2023\/05\/image-3.png\",\"contentUrl\":\"https:\/\/eurolubs.com.br\/wp-content\/uploads\/2023\/05\/image-3.png\",\"width\":1081,\"height\":412,\"caption\":\"Eurolubs Distribuidor\"},\"image\":{\"@id\":\"https:\/\/eurolubs.com.br\/#\/schema\/logo\/image\/\"}}]}<\/script>\n<!-- \/ Yoast SEO plugin. -->","yoast_head_json":{"title":"Trabalhe Conosco - Eurolubs Distribuidor","robots":{"index":"index","follow":"follow","max-snippet":"max-snippet:-1","max-image-preview":"max-image-preview:large","max-video-preview":"max-video-preview:-1"},"og_locale":"pt_BR","og_type":"article","og_title":"Trabalhe Conosco - Eurolubs Distribuidor","og_description":"Enviar curr\u00edculo Trabalhe conosco Junte-se \u00e0 nossa equipe e fa\u00e7a parte de uma empresa que valoriza o talento, a inova\u00e7\u00e3o e o comprometimento. Estamos sempre em busca de profissionais qualificados para contribuir com o nosso crescimento. Envie seu curr\u00edculo Preencha o formul\u00e1rio ao lado, anexando seu curr\u00edculo e indicando o setor de interesse. Nosso time [&hellip;]","og_url":"https:\/\/eurolubs.com.br\/?page_id=393","og_site_name":"Eurolubs Distribuidor","article_modified_time":"2026-01-27T18:19:29+00:00","twitter_card":"summary_large_image","twitter_misc":{"Est. tempo de leitura":"1 minuto"},"schema":{"@context":"https:\/\/schema.org","@graph":[{"@type":"WebPage","@id":"https:\/\/eurolubs.com.br\/?page_id=393","url":"https:\/\/eurolubs.com.br\/?page_id=393","name":"Trabalhe Conosco - Eurolubs Distribuidor","isPartOf":{"@id":"https:\/\/eurolubs.com.br\/#website"},"datePublished":"2025-05-15T19:03:44+00:00","dateModified":"2026-01-27T18:19:29+00:00","breadcrumb":{"@id":"https:\/\/eurolubs.com.br\/?page_id=393#breadcrumb"},"inLanguage":"pt-BR","potentialAction":[{"@type":"ReadAction","target":["https:\/\/eurolubs.com.br\/?page_id=393"]}]},{"@type":"BreadcrumbList","@id":"https:\/\/eurolubs.com.br\/?page_id=393#breadcrumb","itemListElement":[{"@type":"ListItem","position":1,"name":"In\u00edcio","item":"https:\/\/eurolubs.com.br\/"},{"@type":"ListItem","position":2,"name":"Trabalhe Conosco"}]},{"@type":"WebSite","@id":"https:\/\/eurolubs.com.br\/#website","url":"https:\/\/eurolubs.com.br\/","name":"Eurolubs Distribuidor","description":"","publisher":{"@id":"https:\/\/eurolubs.com.br\/#organization"},"potentialAction":[{"@type":"SearchAction","target":{"@type":"EntryPoint","urlTemplate":"https:\/\/eurolubs.com.br\/?s={search_term_string}"},"query-input":{"@type":"PropertyValueSpecification","valueRequired":true,"valueName":"search_term_string"}}],"inLanguage":"pt-BR"},{"@type":"Organization","@id":"https:\/\/eurolubs.com.br\/#organization","name":"Eurolubs Distribuidor","url":"https:\/\/eurolubs.com.br\/","logo":{"@type":"ImageObject","inLanguage":"pt-BR","@id":"https:\/\/eurolubs.com.br\/#\/schema\/logo\/image\/","url":"https:\/\/eurolubs.com.br\/wp-content\/uploads\/2023\/05\/image-3.png","contentUrl":"https:\/\/eurolubs.com.br\/wp-content\/uploads\/2023\/05\/image-3.png","width":1081,"height":412,"caption":"Eurolubs Distribuidor"},"image":{"@id":"https:\/\/eurolubs.com.br\/#\/schema\/logo\/image\/"}}]}},"_links":{"self":[{"href":"https:\/\/eurolubs.com.br\/index.php?rest_route=\/wp\/v2\/pages\/393","targetHints":{"allow":["GET"]}}],"collection":[{"href":"https:\/\/eurolubs.com.br\/index.php?rest_route=\/wp\/v2\/pages"}],"about":[{"href":"https:\/\/eurolubs.com.br\/index.php?rest_route=\/wp\/v2\/types\/page"}],"author":[{"embeddable":true,"href":"https:\/\/eurolubs.com.br\/index.php?rest_route=\/wp\/v2\/users\/11"}],"replies":[{"embeddable":true,"href":"https:\/\/eurolubs.com.br\/index.php?rest_route=%2Fwp%2Fv2%2Fcomments&post=393"}],"version-history":[{"count":34,"href":"https:\/\/eurolubs.com.br\/index.php?rest_route=\/wp\/v2\/pages\/393\/revisions"}],"predecessor-version":[{"id":1952,"href":"https:\/\/eurolubs.com.br\/index.php?rest_route=\/wp\/v2\/pages\/393\/revisions\/1952"}],"wp:attachment":[{"href":"https:\/\/eurolubs.com.br\/index.php?rest_route=%2Fwp%2Fv2%2Fmedia&parent=393"}],"curies":[{"name":"wp","href":"https:\/\/api.w.org\/{rel}","templated":true}]}}